{"id":50202,"date":"2025-09-11T22:13:40","date_gmt":"2025-09-12T01:13:40","guid":{"rendered":"https:\/\/emiliano.com.br\/emiliano-esg\/art-for-art-auction\/"},"modified":"2025-09-11T22:15:52","modified_gmt":"2025-09-12T01:15:52","slug":"art-for-art-auction","status":"publish","type":"page","link":"https:\/\/emiliano.com.br\/en\/emiliano-esg\/art-for-art-auction\/","title":{"rendered":"Art For Art Auction"},"content":{"rendered":"\n<p class=\"has-text-align-center has-medium-font-size\"><strong>ART FOR ART AUCTION<\/strong><\/p>\n\n\n\n<p>The &#8216;Art for Art&#8217; auction is a charity event curated by Pedro Buarque de Hollanda, bringing together works from renowned artists such as Adriana Varej\u00e3o, Alex Cerveny, Ana Elisa Egreja, Emmanuel Nassar, Luiz Zerbini, L\u00eddia Lisboa, Marcela Cantu\u00e1ria, M\u00e1rcia Falc\u00e3o, Miguel Rio Branco, Nilda Neves, Vik Muniz, Vivian Caccuri, and Tainan Cabral. The initiative builds a support network between established artists and emerging talents, especially those from peripheral communities.<\/p>\n\n\n\n<p>In its third edition (2023, 2024, and 2025), the auction has raised over 8 million BRL, with all proceeds donated to institutions that use culture as a means of transformation, expanding opportunities for young artists and communities. Produced by Paula Simonsen and supported by galleries such as Almeida &amp; Dale, Fortes D\u2019Aloia &amp; Gabriel, Galeria Millan, Gentil Carioca, Gomide &amp; Co, Nara Roesler, and Blomb\u00f4, the initiative reinforces our commitment to valuing art and its power for social transformation.<\/p>\n\n\n\n<p><strong>Beneficiary Projects and NGOs:<\/strong><\/p>\n\n\n\n<ul class=\"wp-block-list\">\n<li>Bela Mar\u00e9 \u2013 Located in the Mar\u00e9 Complex, Rio de Janeiro, it promotes exhibitions, artistic residencies, and cultural training, expanding access to art in peripheral areas.<\/li>\n\n\n\n<li>Casa do Povo \u2013 A cultural center in S\u00e3o Paulo encouraging artistic and social practices connected to its humanist and community history.<\/li>\n\n\n\n<li>Ali.Leste \u2013 A collective focused on urban space occupation and peripheral artist development.<\/li>\n\n\n\n<li>Spectaculu \u2013 A Rio-based art and technology school training young people from underserved communities for the creative market.<\/li>\n\n\n\n<li>Educa\u00e7\u00e3o Solar \u2013 Offers free activities such as courses and workshops, using art and care as tools for transformation.<\/li>\n\n\n\n<li>Fundo Elixir \u2013 A program of the UFRB Institute supporting arts and humanities scholarships for students and artists from Bahia\u2019s Rec\u00f4ncavo region.<\/li>\n\n\n\n<li>Funda\u00e7\u00e3o Casa Grande \u2013 Located in Cear\u00e1\u2019s Chapada do Araripe, invests in the education and cultural development of children and adolescents.<\/li>\n<\/ul>\n","protected":false},"excerpt":{"rendered":"<p>ART FOR ART AUCTION The &#8216;Art for Art&#8217; auction is a charity event curated by Pedro Buarque de Hollanda, bringing together works from renowned artists such as Adriana Varej\u00e3o, Alex Cerveny, Ana Elisa Egreja, Emmanuel Nassar, Luiz Zerbini, L\u00eddia Lisboa, Marcela Cantu\u00e1ria, M\u00e1rcia Falc\u00e3o, Miguel Rio Branco, Nilda Neves, Vik Muniz, Vivian Caccuri, and Tainan [&hellip;]<\/p>\n","protected":false},"author":12,"featured_media":50061,"parent":50178,"menu_order":0,"comment_status":"closed","ping_status":"closed","template":"templates\/template-page-sustentabilidade-interna.php","meta":{"_acf_changed":false,"two_page_speed":[],"footnotes":""},"class_list":["post-50202","page","type-page","status-publish","has-post-thumbnail","hentry"],"acf":[],"yoast_head":"<!-- This site is optimized with the Yoast SEO plugin v27.4 - https:\/\/yoast.com\/product\/yoast-seo-wordpress\/ -->\n<title>Art For Art Auction - Hotel Emiliano<\/title>\n<meta name=\"robots\" content=\"index, follow, max-snippet:-1, max-image-preview:large, max-video-preview:-1\" \/>\n<link rel=\"canonical\" href=\"https:\/\/emiliano.com.br\/en\/emiliano-esg\/art-for-art-auction\/\" \/>\n<meta property=\"og:locale\" content=\"en_US\" \/>\n<meta property=\"og:type\" content=\"article\" \/>\n<meta property=\"og:title\" content=\"Art For Art Auction - Hotel Emiliano\" \/>\n<meta property=\"og:description\" content=\"ART FOR ART AUCTION The &#8216;Art for Art&#8217; auction is a charity event curated by Pedro Buarque de Hollanda, bringing together works from renowned artists such as Adriana Varej\u00e3o, Alex Cerveny, Ana Elisa Egreja, Emmanuel Nassar, Luiz Zerbini, L\u00eddia Lisboa, Marcela Cantu\u00e1ria, M\u00e1rcia Falc\u00e3o, Miguel Rio Branco, Nilda Neves, Vik Muniz, Vivian Caccuri, and Tainan [&hellip;]\" \/>\n<meta property=\"og:url\" content=\"https:\/\/emiliano.com.br\/en\/emiliano-esg\/art-for-art-auction\/\" \/>\n<meta property=\"og:site_name\" content=\"Hotel Emiliano\" \/>\n<meta property=\"article:publisher\" content=\"https:\/\/www.facebook.com\/emilianohotel\/\" \/>\n<meta property=\"article:modified_time\" content=\"2025-09-12T01:15:52+00:00\" \/>\n<meta property=\"og:image\" content=\"https:\/\/emiliano.com.br\/wp-content\/uploads\/2025\/09\/emiliano.com.br-leilao-arte-para-arte-24.04.04euka-leilao-emiliano-0214.webp\" \/>\n\t<meta property=\"og:image:width\" content=\"1920\" \/>\n\t<meta property=\"og:image:height\" content=\"1024\" \/>\n\t<meta property=\"og:image:type\" content=\"image\/webp\" \/>\n<meta name=\"twitter:card\" content=\"summary_large_image\" \/>\n<meta name=\"twitter:label1\" content=\"Est. reading time\" \/>\n\t<meta name=\"twitter:data1\" content=\"2 minutes\" \/>\n<script type=\"application\/ld+json\" class=\"yoast-schema-graph\">{\"@context\":\"https:\\\/\\\/schema.org\",\"@graph\":[{\"@type\":\"WebPage\",\"@id\":\"https:\\\/\\\/emiliano.com.br\\\/en\\\/emiliano-esg\\\/art-for-art-auction\\\/\",\"url\":\"https:\\\/\\\/emiliano.com.br\\\/en\\\/emiliano-esg\\\/art-for-art-auction\\\/\",\"name\":\"Art For Art Auction - Hotel Emiliano\",\"isPartOf\":{\"@id\":\"https:\\\/\\\/emiliano.com.br\\\/#website\"},\"primaryImageOfPage\":{\"@id\":\"https:\\\/\\\/emiliano.com.br\\\/en\\\/emiliano-esg\\\/art-for-art-auction\\\/#primaryimage\"},\"image\":{\"@id\":\"https:\\\/\\\/emiliano.com.br\\\/en\\\/emiliano-esg\\\/art-for-art-auction\\\/#primaryimage\"},\"thumbnailUrl\":\"https:\\\/\\\/emiliano.com.br\\\/wp-content\\\/uploads\\\/2025\\\/09\\\/emiliano.com.br-leilao-arte-para-arte-24.04.04euka-leilao-emiliano-0214.webp\",\"datePublished\":\"2025-09-12T01:13:40+00:00\",\"dateModified\":\"2025-09-12T01:15:52+00:00\",\"breadcrumb\":{\"@id\":\"https:\\\/\\\/emiliano.com.br\\\/en\\\/emiliano-esg\\\/art-for-art-auction\\\/#breadcrumb\"},\"inLanguage\":\"en-US\",\"potentialAction\":[{\"@type\":\"ReadAction\",\"target\":[\"https:\\\/\\\/emiliano.com.br\\\/en\\\/emiliano-esg\\\/art-for-art-auction\\\/\"]}]},{\"@type\":\"ImageObject\",\"inLanguage\":\"en-US\",\"@id\":\"https:\\\/\\\/emiliano.com.br\\\/en\\\/emiliano-esg\\\/art-for-art-auction\\\/#primaryimage\",\"url\":\"https:\\\/\\\/emiliano.com.br\\\/wp-content\\\/uploads\\\/2025\\\/09\\\/emiliano.com.br-leilao-arte-para-arte-24.04.04euka-leilao-emiliano-0214.webp\",\"contentUrl\":\"https:\\\/\\\/emiliano.com.br\\\/wp-content\\\/uploads\\\/2025\\\/09\\\/emiliano.com.br-leilao-arte-para-arte-24.04.04euka-leilao-emiliano-0214.webp\",\"width\":1920,\"height\":1024},{\"@type\":\"BreadcrumbList\",\"@id\":\"https:\\\/\\\/emiliano.com.br\\\/en\\\/emiliano-esg\\\/art-for-art-auction\\\/#breadcrumb\",\"itemListElement\":[{\"@type\":\"ListItem\",\"position\":1,\"name\":\"In\u00edcio\",\"item\":\"https:\\\/\\\/emiliano.com.br\\\/en\\\/\"},{\"@type\":\"ListItem\",\"position\":2,\"name\":\"EMILIANO ESG\",\"item\":\"https:\\\/\\\/emiliano.com.br\\\/en\\\/emiliano-esg\\\/\"},{\"@type\":\"ListItem\",\"position\":3,\"name\":\"Art For Art Auction\"}]},{\"@type\":\"WebSite\",\"@id\":\"https:\\\/\\\/emiliano.com.br\\\/#website\",\"url\":\"https:\\\/\\\/emiliano.com.br\\\/\",\"name\":\"Hotel Emiliano\",\"description\":\"\",\"publisher\":{\"@id\":\"https:\\\/\\\/emiliano.com.br\\\/#organization\"},\"potentialAction\":[{\"@type\":\"SearchAction\",\"target\":{\"@type\":\"EntryPoint\",\"urlTemplate\":\"https:\\\/\\\/emiliano.com.br\\\/?s={search_term_string}\"},\"query-input\":{\"@type\":\"PropertyValueSpecification\",\"valueRequired\":true,\"valueName\":\"search_term_string\"}}],\"inLanguage\":\"en-US\"},{\"@type\":\"Organization\",\"@id\":\"https:\\\/\\\/emiliano.com.br\\\/#organization\",\"name\":\"Hotel Emiliano\",\"url\":\"https:\\\/\\\/emiliano.com.br\\\/\",\"logo\":{\"@type\":\"ImageObject\",\"inLanguage\":\"en-US\",\"@id\":\"https:\\\/\\\/emiliano.com.br\\\/#\\\/schema\\\/logo\\\/image\\\/\",\"url\":\"https:\\\/\\\/emiliano.com.br\\\/wp-content\\\/uploads\\\/2017\\\/07\\\/emiliano.com.br-logo-hotel.png\",\"contentUrl\":\"https:\\\/\\\/emiliano.com.br\\\/wp-content\\\/uploads\\\/2017\\\/07\\\/emiliano.com.br-logo-hotel.png\",\"width\":345,\"height\":70,\"caption\":\"Hotel Emiliano\"},\"image\":{\"@id\":\"https:\\\/\\\/emiliano.com.br\\\/#\\\/schema\\\/logo\\\/image\\\/\"},\"sameAs\":[\"https:\\\/\\\/www.facebook.com\\\/emilianohotel\\\/\",\"https:\\\/\\\/www.instagram.com\\\/hotelemiliano\\\/\"]}]}<\/script>\n<!-- \/ Yoast SEO plugin. -->","yoast_head_json":{"title":"Art For Art Auction - Hotel Emiliano","robots":{"index":"index","follow":"follow","max-snippet":"max-snippet:-1","max-image-preview":"max-image-preview:large","max-video-preview":"max-video-preview:-1"},"canonical":"https:\/\/emiliano.com.br\/en\/emiliano-esg\/art-for-art-auction\/","og_locale":"en_US","og_type":"article","og_title":"Art For Art Auction - Hotel Emiliano","og_description":"ART FOR ART AUCTION The &#8216;Art for Art&#8217; auction is a charity event curated by Pedro Buarque de Hollanda, bringing together works from renowned artists such as Adriana Varej\u00e3o, Alex Cerveny, Ana Elisa Egreja, Emmanuel Nassar, Luiz Zerbini, L\u00eddia Lisboa, Marcela Cantu\u00e1ria, M\u00e1rcia Falc\u00e3o, Miguel Rio Branco, Nilda Neves, Vik Muniz, Vivian Caccuri, and Tainan [&hellip;]","og_url":"https:\/\/emiliano.com.br\/en\/emiliano-esg\/art-for-art-auction\/","og_site_name":"Hotel Emiliano","article_publisher":"https:\/\/www.facebook.com\/emilianohotel\/","article_modified_time":"2025-09-12T01:15:52+00:00","og_image":[{"width":1920,"height":1024,"url":"https:\/\/emiliano.com.br\/wp-content\/uploads\/2025\/09\/emiliano.com.br-leilao-arte-para-arte-24.04.04euka-leilao-emiliano-0214.webp","type":"image\/webp"}],"twitter_card":"summary_large_image","twitter_misc":{"Est. reading time":"2 minutes"},"schema":{"@context":"https:\/\/schema.org","@graph":[{"@type":"WebPage","@id":"https:\/\/emiliano.com.br\/en\/emiliano-esg\/art-for-art-auction\/","url":"https:\/\/emiliano.com.br\/en\/emiliano-esg\/art-for-art-auction\/","name":"Art For Art Auction - Hotel Emiliano","isPartOf":{"@id":"https:\/\/emiliano.com.br\/#website"},"primaryImageOfPage":{"@id":"https:\/\/emiliano.com.br\/en\/emiliano-esg\/art-for-art-auction\/#primaryimage"},"image":{"@id":"https:\/\/emiliano.com.br\/en\/emiliano-esg\/art-for-art-auction\/#primaryimage"},"thumbnailUrl":"https:\/\/emiliano.com.br\/wp-content\/uploads\/2025\/09\/emiliano.com.br-leilao-arte-para-arte-24.04.04euka-leilao-emiliano-0214.webp","datePublished":"2025-09-12T01:13:40+00:00","dateModified":"2025-09-12T01:15:52+00:00","breadcrumb":{"@id":"https:\/\/emiliano.com.br\/en\/emiliano-esg\/art-for-art-auction\/#breadcrumb"},"inLanguage":"en-US","potentialAction":[{"@type":"ReadAction","target":["https:\/\/emiliano.com.br\/en\/emiliano-esg\/art-for-art-auction\/"]}]},{"@type":"ImageObject","inLanguage":"en-US","@id":"https:\/\/emiliano.com.br\/en\/emiliano-esg\/art-for-art-auction\/#primaryimage","url":"https:\/\/emiliano.com.br\/wp-content\/uploads\/2025\/09\/emiliano.com.br-leilao-arte-para-arte-24.04.04euka-leilao-emiliano-0214.webp","contentUrl":"https:\/\/emiliano.com.br\/wp-content\/uploads\/2025\/09\/emiliano.com.br-leilao-arte-para-arte-24.04.04euka-leilao-emiliano-0214.webp","width":1920,"height":1024},{"@type":"BreadcrumbList","@id":"https:\/\/emiliano.com.br\/en\/emiliano-esg\/art-for-art-auction\/#breadcrumb","itemListElement":[{"@type":"ListItem","position":1,"name":"In\u00edcio","item":"https:\/\/emiliano.com.br\/en\/"},{"@type":"ListItem","position":2,"name":"EMILIANO ESG","item":"https:\/\/emiliano.com.br\/en\/emiliano-esg\/"},{"@type":"ListItem","position":3,"name":"Art For Art Auction"}]},{"@type":"WebSite","@id":"https:\/\/emiliano.com.br\/#website","url":"https:\/\/emiliano.com.br\/","name":"Hotel Emiliano","description":"","publisher":{"@id":"https:\/\/emiliano.com.br\/#organization"},"potentialAction":[{"@type":"SearchAction","target":{"@type":"EntryPoint","urlTemplate":"https:\/\/emiliano.com.br\/?s={search_term_string}"},"query-input":{"@type":"PropertyValueSpecification","valueRequired":true,"valueName":"search_term_string"}}],"inLanguage":"en-US"},{"@type":"Organization","@id":"https:\/\/emiliano.com.br\/#organization","name":"Hotel Emiliano","url":"https:\/\/emiliano.com.br\/","logo":{"@type":"ImageObject","inLanguage":"en-US","@id":"https:\/\/emiliano.com.br\/#\/schema\/logo\/image\/","url":"https:\/\/emiliano.com.br\/wp-content\/uploads\/2017\/07\/emiliano.com.br-logo-hotel.png","contentUrl":"https:\/\/emiliano.com.br\/wp-content\/uploads\/2017\/07\/emiliano.com.br-logo-hotel.png","width":345,"height":70,"caption":"Hotel Emiliano"},"image":{"@id":"https:\/\/emiliano.com.br\/#\/schema\/logo\/image\/"},"sameAs":["https:\/\/www.facebook.com\/emilianohotel\/","https:\/\/www.instagram.com\/hotelemiliano\/"]}]}},"jetpack_sharing_enabled":true,"_links":{"self":[{"href":"https:\/\/emiliano.com.br\/en\/wp-json\/wp\/v2\/pages\/50202","targetHints":{"allow":["GET"]}}],"collection":[{"href":"https:\/\/emiliano.com.br\/en\/wp-json\/wp\/v2\/pages"}],"about":[{"href":"https:\/\/emiliano.com.br\/en\/wp-json\/wp\/v2\/types\/page"}],"author":[{"embeddable":true,"href":"https:\/\/emiliano.com.br\/en\/wp-json\/wp\/v2\/users\/12"}],"replies":[{"embeddable":true,"href":"https:\/\/emiliano.com.br\/en\/wp-json\/wp\/v2\/comments?post=50202"}],"version-history":[{"count":0,"href":"https:\/\/emiliano.com.br\/en\/wp-json\/wp\/v2\/pages\/50202\/revisions"}],"up":[{"embeddable":true,"href":"https:\/\/emiliano.com.br\/en\/wp-json\/wp\/v2\/pages\/50178"}],"wp:featuredmedia":[{"embeddable":true,"href":"https:\/\/emiliano.com.br\/en\/wp-json\/wp\/v2\/media\/50061"}],"wp:attachment":[{"href":"https:\/\/emiliano.com.br\/en\/wp-json\/wp\/v2\/media?parent=50202"}],"curies":[{"name":"wp","href":"https:\/\/api.w.org\/{rel}","templated":true}]}}